{"id":7022,"date":"2024-04-03T15:42:44","date_gmt":"2024-04-03T15:42:44","guid":{"rendered":"https:\/\/eye-swing.com\/politica-de-privacidad\/"},"modified":"2025-03-06T19:39:14","modified_gmt":"2025-03-06T19:39:14","slug":"politica-de-privacidad","status":"publish","type":"page","link":"https:\/\/eye-swing.com\/es\/politica-de-privacidad\/","title":{"rendered":"Pol\u00edtica de privacidad"},"content":{"rendered":"\t\t<div data-elementor-type=\"wp-page\" data-elementor-id=\"7022\" class=\"elementor elementor-7022 elementor-3515\" data-elementor-post-type=\"page\">\n\t\t\t\t<div class=\"elementor-element elementor-element-497478a e-flex e-con-boxed no e-con e-parent\" data-id=\"497478a\" data-element_type=\"container\" data-e-type=\"container\">\n\t\t\t\t\t<div class=\"e-con-inner\">\n\t\t\t\t<div class=\"elementor-element elementor-element-46ed59f elementor-widget elementor-widget-heading\" data-id=\"46ed59f\" data-element_type=\"widget\" data-e-type=\"widget\" data-widget_type=\"heading.default\">\n\t\t\t\t\t<h2 class=\"elementor-heading-title elementor-size-default\">Pol\u00edtica de privacidad<\/h2>\t\t\t\t<\/div>\n\t\t\t\t<div class=\"elementor-element elementor-element-9691a1c elementor-widget elementor-widget-text-editor\" data-id=\"9691a1c\" data-element_type=\"widget\" data-e-type=\"widget\" data-widget_type=\"text-editor.default\">\n\t\t\t\t\t\t\t\t\t<p class=\"p1\"><b>1. Introducci\u00f3n<\/b><b><\/b><\/p><p class=\"p3\">Bienvenido a Eye Swing (\u00abla Aplicaci\u00f3n\u00bb). Eye Swing es operado por <b>ESWING PRO SAS<\/b>, con sede en: <\/p><p class=\"p4\"><b>ESWING PRO SAS<\/b><b><\/b><\/p><p class=\"p3\">PRINGY, 475 RTE DES VERNES<\/p><p class=\"p3\">74370 ANNECY<\/p><p class=\"p3\">C.I.F. 979 298 866<\/p><p class=\"p3\"><b>Correo electr\u00f3nico:<\/b> edouard@eswingsport.com<\/p><p class=\"p3\">Esta Pol\u00edtica de Privacidad explica c\u00f3mo recogemos, utilizamos, revelamos y salvaguardamos tu informaci\u00f3n cuando utilizas Eye Swing. Al utilizar la App, aceptas la recogida y uso de informaci\u00f3n de acuerdo con esta Pol\u00edtica de Privacidad. <\/p><p class=\"p1\"><b>2. Informaci\u00f3n que recogemos<\/b><b><\/b><\/p><p class=\"p5\">1<b>.Datos personales<\/b><b><\/b><\/p><p class=\"p3\">Podemos recopilar informaci\u00f3n personal que nos proporciones voluntariamente, incluidos, entre otros, tu nombre, direcci\u00f3n de correo electr\u00f3nico u otros datos necesarios para crear una cuenta o comunicarte con nosotros.<\/p><p class=\"p5\">2<b>.Datos de uso<\/b><b><\/b><\/p><p class=\"p3\">Recogemos autom\u00e1ticamente cierta informaci\u00f3n cuando utilizas la App, como la direcci\u00f3n IP de tu dispositivo, el sistema operativo, el tipo de navegador y los patrones de uso (por ejemplo, qu\u00e9 funciones utilizas, las horas y fechas de tus visitas).<\/p><p class=\"p5\">3<b>.Cookies y tecnolog\u00edas similares<\/b><b><\/b><\/p><p class=\"p3\">Utilizamos cookies y tecnolog\u00edas de seguimiento similares para rastrear la actividad en nuestra App y almacenar cierta informaci\u00f3n. Esto nos ayuda a analizar y mejorar nuestros servicios. Puedes configurar tu navegador para que rechace todas las cookies o para que te indique cu\u00e1ndo se env\u00eda una cookie; sin embargo, algunas partes de la App pueden no funcionar correctamente sin cookies.  <\/p><p class=\"p1\"><b>3. C\u00f3mo utilizamos tu informaci\u00f3n<\/b><b><\/b><\/p><p class=\"p3\">Utilizamos la informaci\u00f3n que recogemos para<\/p><p class=\"p6\">-Proporcionar, mantener y mejorar la App y nuestros servicios.<\/p><p class=\"p6\">-Personalizar la experiencia del usuario, por ejemplo sugiriendo contenidos relevantes o consejos de entrenamiento.<\/p><p class=\"p6\">-Comunicarnos contigo, incluido el env\u00edo de actualizaciones, boletines o material promocional.<\/p><p class=\"p6\">-Analizar las tendencias de uso y recopilar informaci\u00f3n demogr\u00e1fica para uso interno, ayud\u00e1ndonos a desarrollar nuevas funciones y perfeccionar las existentes.<\/p><p class=\"p6\">-Cumplir con las obligaciones legales, hacer cumplir nuestras condiciones y proteger nuestros derechos y los derechos de nuestros usuarios.<\/p><p class=\"p1\"><b>4. Divulgaci\u00f3n de tu informaci\u00f3n<\/b><b><\/b><\/p><p class=\"p3\">Podemos compartir tu informaci\u00f3n en las siguientes circunstancias:<\/p><p class=\"p6\"><b>-Proveedores de<\/b> servicios: Podemos emplear a terceras empresas para facilitar nuestros servicios. Estos terceros s\u00f3lo tienen acceso a tus datos personales para realizar tareas en nuestro nombre y est\u00e1n obligados a no revelarlos ni utilizarlos para otros fines. <\/p><p class=\"p6\">\u2013<b>Requisitos<\/b> legales: Podemos revelar tus datos personales si as\u00ed lo exige la ley o en respuesta a solicitudes v\u00e1lidas de las autoridades p\u00fablicas (por ejemplo, un tribunal o una agencia gubernamental).<\/p><p class=\"p6\"><b>-Transacciones<\/b> empresariales: Si ESWING PRO SAS participa en una fusi\u00f3n, adquisici\u00f3n o venta de activos, tu informaci\u00f3n personal puede ser transferida. Te lo notificaremos antes de que tu informaci\u00f3n personal sea transferida y quede sujeta a una Pol\u00edtica de Privacidad diferente. <\/p><p class=\"p1\"><b>5. Seguridad de los datos<\/b><b><\/b><\/p><p class=\"p3\">Damos prioridad a la seguridad de tu informaci\u00f3n personal y utilizamos medios comercialmente aceptables para protegerla. Sin embargo, recuerda que ning\u00fan m\u00e9todo de transmisi\u00f3n por Internet o de almacenamiento electr\u00f3nico es seguro al 100%, y no podemos garantizar su seguridad absoluta. <\/p><p class=\"p1\"><b>6. Conservaci\u00f3n de datos<\/b><b><\/b><\/p><p class=\"p3\">Conservaremos tu informaci\u00f3n personal s\u00f3lo durante el tiempo que sea necesario para los fines establecidos en esta Pol\u00edtica de privacidad, a menos que la ley exija o permita un per\u00edodo de conservaci\u00f3n m\u00e1s largo.<\/p><p class=\"p1\"><b>7. Tus derechos (GDPR y normativas similares)<\/b><b><\/b><\/p><p class=\"p3\">Dependiendo de tu ubicaci\u00f3n y de la legislaci\u00f3n aplicable, puedes tener los siguientes derechos en relaci\u00f3n con tu informaci\u00f3n personal:<\/p><p class=\"p6\">-Derecho<b>de acceso<\/b>: Puedes solicitar una copia de la informaci\u00f3n personal que tenemos sobre ti.<\/p><p class=\"p6\">-Derecho<b>de Rectificaci\u00f3n<\/b>: Tienes derecho a solicitar que corrijamos cualquier inexactitud en tu informaci\u00f3n personal.<\/p><p class=\"p6\">-Derecho<b>de supresi\u00f3n<\/b>: En determinadas circunstancias, puedes solicitar que borremos tus datos personales.<\/p><p class=\"p6\">-Derecho<b>a restringir el tratamiento<\/b>: Puedes pedirnos que detengamos o limitemos el tratamiento de tus datos personales en determinados casos.<\/p><p class=\"p6\">-Derecho<b>de oposici\u00f3n<\/b>: Tienes derecho a oponerte a que procesemos tus datos personales.<\/p><p class=\"p6\">-Derecho<b>a la portabilidad de datos<\/b>: Puedes solicitar una copia de tus datos personales en un formato estructurado, de uso com\u00fan y lectura mec\u00e1nica.<\/p><p class=\"p3\">Para ejercer estos derechos, ponte en contacto con nosotros en <b>edouard@eswingsport.com.<\/b><\/p><p class=\"p1\"><b>8. Privacidad de los ni\u00f1os<\/b><b><\/b><\/p><p class=\"p3\">Eye Swing no est\u00e1 pensado para ser utilizado por menores de 13 a\u00f1os (o la mayor\u00eda de edad equivalente en tu jurisdicci\u00f3n). No recopilamos conscientemente informaci\u00f3n personal de ni\u00f1os. Si crees que hemos recopilado inadvertidamente dicha informaci\u00f3n, ponte en contacto con nosotros para que podamos tomar medidas para eliminarla.  <\/p><p class=\"p1\"><b>9. Cambios en esta Pol\u00edtica de Privacidad<\/b><b><\/b><\/p><p class=\"p3\">Podemos actualizar nuestra Pol\u00edtica de Privacidad de vez en cuando. Te notificaremos cualquier cambio publicando la nueva Pol\u00edtica de Privacidad aqu\u00ed y actualizando la fecha de \u00ab\u00daltima actualizaci\u00f3n\u00bb en la parte superior de esta p\u00e1gina. Al continuar utilizando la App despu\u00e9s de que estos cambios entren en vigor, aceptas la Pol\u00edtica de Privacidad revisada.  <\/p><p class=\"p1\"><b>10. Contacta con nosotros<\/b><b><\/b><\/p><p class=\"p3\">Si tienes alguna pregunta o duda sobre esta Pol\u00edtica de privacidad, ponte en contacto con nosotros en<\/p><p class=\"p6\">-ESWING<b>PRO SAS<\/b><b><\/b><\/p><p class=\"p6\">-PRINGY, 475 RTE DES VERNES<\/p><p class=\"p6\">-74370 ANNECY<\/p><p class=\"p6\">-C.I.F. 979 298 866<\/p><p class=\"p6\">-Correo electr\u00f3nico<b>:<\/b> edouard@eswingsport.com<\/p>\t\t\t\t\t\t\t\t<\/div>\n\t\t\t\t\t<\/div>\n\t\t\t\t<\/div>\n\t\t\t\t<\/div>\n\t\t","protected":false},"excerpt":{"rendered":"<p>1. Introducci\u00f3n Bienvenido a Eye Swing (\u00abla Aplicaci\u00f3n\u00bb). Eye Swing es operado por ESWING PRO SAS, con sede en: ESWING PRO SAS PRINGY, 475 [&hellip;]<\/p>\n","protected":false},"author":1,"featured_media":0,"parent":0,"menu_order":0,"comment_status":"closed","ping_status":"closed","template":"","meta":{"_acf_changed":false,"footnotes":""},"class_list":["post-7022","page","type-page","status-publish","hentry"],"acf":{"choi\u0441e_menu_page":false,"full_width":false,"header_transparent":false,"header_white":false,"menu_type_page":"default","menu_align_page":"default"},"_links":{"self":[{"href":"https:\/\/eye-swing.com\/es\/wp-json\/wp\/v2\/pages\/7022","targetHints":{"allow":["GET"]}}],"collection":[{"href":"https:\/\/eye-swing.com\/es\/wp-json\/wp\/v2\/pages"}],"about":[{"href":"https:\/\/eye-swing.com\/es\/wp-json\/wp\/v2\/types\/page"}],"author":[{"embeddable":true,"href":"https:\/\/eye-swing.com\/es\/wp-json\/wp\/v2\/users\/1"}],"replies":[{"embeddable":true,"href":"https:\/\/eye-swing.com\/es\/wp-json\/wp\/v2\/comments?post=7022"}],"version-history":[{"count":1,"href":"https:\/\/eye-swing.com\/es\/wp-json\/wp\/v2\/pages\/7022\/revisions"}],"predecessor-version":[{"id":7024,"href":"https:\/\/eye-swing.com\/es\/wp-json\/wp\/v2\/pages\/7022\/revisions\/7024"}],"wp:attachment":[{"href":"https:\/\/eye-swing.com\/es\/wp-json\/wp\/v2\/media?parent=7022"}],"curies":[{"name":"wp","href":"https:\/\/api.w.org\/{rel}","templated":true}]}}