{"id":7026,"date":"2024-04-03T15:42:44","date_gmt":"2024-04-03T15:42:44","guid":{"rendered":"https:\/\/eye-swing.com\/politique-de-confidentialite\/"},"modified":"2025-03-06T19:39:14","modified_gmt":"2025-03-06T19:39:14","slug":"politique-de-confidentialite","status":"publish","type":"page","link":"https:\/\/eye-swing.com\/fr\/politique-de-confidentialite\/","title":{"rendered":"Politique de confidentialit\u00e9"},"content":{"rendered":"\t\t<div data-elementor-type=\"wp-page\" data-elementor-id=\"7026\" class=\"elementor elementor-7026 elementor-3515\" data-elementor-post-type=\"page\">\n\t\t\t\t<div class=\"elementor-element elementor-element-497478a e-flex e-con-boxed no e-con e-parent\" data-id=\"497478a\" data-element_type=\"container\" data-e-type=\"container\">\n\t\t\t\t\t<div class=\"e-con-inner\">\n\t\t\t\t<div class=\"elementor-element elementor-element-46ed59f elementor-widget elementor-widget-heading\" data-id=\"46ed59f\" data-element_type=\"widget\" data-e-type=\"widget\" data-widget_type=\"heading.default\">\n\t\t\t\t\t<h2 class=\"elementor-heading-title elementor-size-default\">Politique de confidentialit\u00e9<\/h2>\t\t\t\t<\/div>\n\t\t\t\t<div class=\"elementor-element elementor-element-9691a1c elementor-widget elementor-widget-text-editor\" data-id=\"9691a1c\" data-element_type=\"widget\" data-e-type=\"widget\" data-widget_type=\"text-editor.default\">\n\t\t\t\t\t\t\t\t\t<p class=\"p1\"><b>1. Introduction<\/b><b><\/b><\/p><p class=\"p3\">Bienvenue sur Eye Swing (\u00ab\u00a0l\u2019application\u00a0\u00bb). Eye Swing est exploit\u00e9 par <b>ESWING PRO SAS<\/b>, situ\u00e9 \u00e0 : <\/p><p class=\"p4\"><b>ESWING PRO SAS<\/b><b><\/b><\/p><p class=\"p3\">PRINGY, 475 RTE DES VERNES<\/p><p class=\"p3\">74370 ANNECY<\/p><p class=\"p3\">C.I.F. 979 298 866<\/p><p class=\"p3\"><b>Courriel :<\/b> edouard@eswingsport.com<\/p><p class=\"p3\">Cette politique de confidentialit\u00e9 explique comment nous collectons, utilisons, divulguons et prot\u00e9geons vos informations lorsque vous utilisez Eye Swing. En utilisant l\u2019application, vous acceptez la collecte et l\u2019utilisation des informations conform\u00e9ment \u00e0 cette politique de confidentialit\u00e9. <\/p><p class=\"p1\"><b>2. Les informations que nous recueillons<\/b><b><\/b><\/p><p class=\"p5\">1<b>. informations personnelles<\/b><b><\/b><\/p><p class=\"p3\">Nous pouvons recueillir des informations personnelles que vous nous fournissez volontairement, y compris, mais sans s\u2019y limiter, votre nom, votre adresse \u00e9lectronique ou d\u2019autres d\u00e9tails n\u00e9cessaires \u00e0 la cr\u00e9ation d\u2019un compte ou \u00e0 la communication avec nous.<\/p><p class=\"p5\">2<b>.Donn\u00e9es d\u2019utilisation<\/b><b><\/b><\/p><p class=\"p3\">Nous collectons automatiquement certaines informations lorsque vous utilisez l\u2019application, telles que l\u2019adresse IP de votre appareil, le syst\u00e8me d\u2019exploitation, le type de navigateur et les habitudes d\u2019utilisation (par exemple, les fonctions que vous utilisez, les heures et les dates de vos visites).<\/p><p class=\"p5\">3<b>. les cookies et les technologies similaires<\/b><b><\/b><\/p><p class=\"p3\">Nous utilisons des cookies et des technologies de suivi similaires pour suivre l\u2019activit\u00e9 sur notre application et stocker certaines informations. Cela nous aide \u00e0 analyser et \u00e0 am\u00e9liorer nos services. Vous pouvez configurer votre navigateur pour qu\u2019il refuse tous les cookies ou pour qu\u2019il vous indique quand un cookie est envoy\u00e9 ; cependant, certaines parties de l\u2019application peuvent ne pas fonctionner correctement sans cookies.  <\/p><p class=\"p1\"><b>3. Comment nous utilisons vos informations<\/b><b><\/b><\/p><p class=\"p3\">Nous utilisons les informations que nous recueillons pour :<\/p><p class=\"p6\">-Fournir, maintenir et am\u00e9liorer l\u2019application et nos services.<\/p><p class=\"p6\">-Personnaliser l\u2019exp\u00e9rience de l\u2019utilisateur, par exemple en lui sugg\u00e9rant des contenus pertinents ou des conseils d\u2019entra\u00eenement.<\/p><p class=\"p6\">-communiquer avec vous, notamment en vous envoyant des mises \u00e0 jour, des bulletins d\u2019information ou du mat\u00e9riel promotionnel.<\/p><p class=\"p6\">-Analyser les tendances d\u2019utilisation et recueillir des informations d\u00e9mographiques \u00e0 des fins internes, pour nous aider \u00e0 d\u00e9velopper de nouvelles fonctionnalit\u00e9s et \u00e0 affiner les fonctionnalit\u00e9s existantes.<\/p><p class=\"p6\">-Respecter les obligations l\u00e9gales, appliquer nos conditions et prot\u00e9ger nos droits et ceux de nos utilisateurs.<\/p><p class=\"p1\"><b>4. Divulgation de vos informations<\/b><b><\/b><\/p><p class=\"p3\">Nous pouvons partager vos informations dans les circonstances suivantes :<\/p><p class=\"p6\">\u2013<b>Prestataires de<\/b> services : Nous pouvons faire appel \u00e0 des soci\u00e9t\u00e9s tierces pour faciliter nos services. Ces tiers n\u2019ont acc\u00e8s \u00e0 vos informations personnelles que pour effectuer des t\u00e2ches en notre nom et sont tenus de ne pas les divulguer ou les utiliser \u00e0 d\u2019autres fins. <\/p><p class=\"p6\">\u2013<b>Exigences<\/b> l\u00e9gales : Nous pouvons divulguer vos informations personnelles si la loi l\u2019exige ou en r\u00e9ponse \u00e0 des demandes valables des autorit\u00e9s publiques (par exemple, un tribunal ou une agence gouvernementale).<\/p><p class=\"p6\">\u2013<b>Transactions commerciales<\/b>: Si ESWING PRO SAS est impliqu\u00e9 dans une fusion, une acquisition ou une vente d\u2019actifs, vos informations personnelles peuvent \u00eatre transf\u00e9r\u00e9es. Nous vous informerons avant que vos informations personnelles ne soient transf\u00e9r\u00e9es et soumises \u00e0 une politique de confidentialit\u00e9 diff\u00e9rente. <\/p><p class=\"p1\"><b>5. S\u00e9curit\u00e9 des donn\u00e9es<\/b><b><\/b><\/p><p class=\"p3\">Nous accordons la priorit\u00e9 \u00e0 la s\u00e9curit\u00e9 de vos informations personnelles et utilisons des moyens commercialement acceptables pour les prot\u00e9ger. Toutefois, n\u2019oubliez pas qu\u2019aucune m\u00e9thode de transmission sur l\u2019internet ou de stockage \u00e9lectronique n\u2019est s\u00fbre \u00e0 100 % et que nous ne pouvons pas garantir une s\u00e9curit\u00e9 absolue. <\/p><p class=\"p1\"><b>6. Conservation des donn\u00e9es<\/b><b><\/b><\/p><p class=\"p3\">Nous ne conserverons vos informations personnelles que pendant la dur\u00e9e n\u00e9cessaire aux fins \u00e9nonc\u00e9es dans la pr\u00e9sente politique de confidentialit\u00e9, \u00e0 moins qu\u2019une p\u00e9riode de conservation plus longue ne soit requise ou autoris\u00e9e par la loi.<\/p><p class=\"p1\"><b>7. Vos droits (GDPR et r\u00e8glements similaires)<\/b><b><\/b><\/p><p class=\"p3\">En fonction de votre lieu de r\u00e9sidence et de la l\u00e9gislation applicable, vous pouvez disposer des droits suivants concernant vos informations personnelles :<\/p><p class=\"p6\">-Droit d\u2019<b>acc\u00e8s<\/b>: Vous pouvez demander une copie des informations personnelles que nous d\u00e9tenons \u00e0 votre sujet.<\/p><p class=\"p6\">-Droit de<b>rectification<\/b>: Vous avez le droit de nous demander de corriger toute inexactitude dans vos informations personnelles.<\/p><p class=\"p6\">-Droit \u00e0<b>l\u2019effacement<\/b>: dans certaines circonstances, vous pouvez nous demander d\u2019effacer vos informations personnelles.<\/p><p class=\"p6\">-Droit de<b>restreindre le traitement<\/b>: Vous pouvez nous demander d\u2019arr\u00eater ou de limiter le traitement de vos donn\u00e9es personnelles dans certains cas.<\/p><p class=\"p6\">-Droit d\u2019<b>opposition<\/b>: Vous avez le droit de vous opposer au traitement de vos donn\u00e9es personnelles.<\/p><p class=\"p6\">-Droit \u00e0<b>la portabilit\u00e9 des donn\u00e9es<\/b>: Vous pouvez demander une copie de vos donn\u00e9es \u00e0 caract\u00e8re personnel dans un format structur\u00e9, couramment utilis\u00e9 et lisible par machine.<\/p><p class=\"p3\">Pour exercer ces droits, veuillez nous contacter \u00e0 l\u2019adresse suivante <b>: edouard@eswingsport.com<\/b>.<\/p><p class=\"p1\"><b>8. Vie priv\u00e9e des enfants<\/b><b><\/b><\/p><p class=\"p3\">Eye Swing n\u2019est pas destin\u00e9 \u00e0 \u00eatre utilis\u00e9 par des personnes de moins de 13 ans (ou l\u2019\u00e2ge \u00e9quivalent de la majorit\u00e9 dans votre juridiction). Nous ne recueillons pas sciemment d\u2019informations personnelles aupr\u00e8s d\u2019enfants. Si vous pensez que nous avons recueilli de telles informations par inadvertance, veuillez nous contacter afin que nous puissions prendre les mesures n\u00e9cessaires pour les supprimer.  <\/p><p class=\"p1\"><b>9. Modifications de la pr\u00e9sente politique de protection de la vie priv\u00e9e<\/b><b><\/b><\/p><p class=\"p3\">Nous pouvons mettre \u00e0 jour notre politique de confidentialit\u00e9 de temps \u00e0 autre. Nous vous informerons de toute modification en publiant la nouvelle politique de confidentialit\u00e9 ici et en mettant \u00e0 jour la date de \u00ab\u00a0derni\u00e8re mise \u00e0 jour\u00a0\u00bb en haut de cette page. En continuant \u00e0 utiliser l\u2019application apr\u00e8s l\u2019entr\u00e9e en vigueur de ces modifications, vous acceptez la politique de confidentialit\u00e9 r\u00e9vis\u00e9e.  <\/p><p class=\"p1\"><b>10. Contactez nous<\/b><b><\/b><\/p><p class=\"p3\">Si vous avez des questions ou des pr\u00e9occupations concernant la pr\u00e9sente politique de confidentialit\u00e9, veuillez nous contacter \u00e0 l\u2019adresse suivante<\/p><p class=\"p6\">-LESWING<b>PRO SAS<\/b><b><\/b><\/p><p class=\"p6\">-PRINCE, 475 RTE DES VERNES<\/p><p class=\"p6\">-74370 ANNECY<\/p><p class=\"p6\">-C.I.F. 979 298 866<\/p><p class=\"p6\">-Courriel<b>:<\/b> edouard@eswingsport.com<\/p>\t\t\t\t\t\t\t\t<\/div>\n\t\t\t\t\t<\/div>\n\t\t\t\t<\/div>\n\t\t\t\t<\/div>\n\t\t","protected":false},"excerpt":{"rendered":"<p>1. Introduction Bienvenue sur Eye Swing (\u00ab\u00a0l\u2019application\u00a0\u00bb). Eye Swing est exploit\u00e9 par ESWING PRO SAS, situ\u00e9 \u00e0 : ESWING PRO SAS PRINGY, 475 RTE [&hellip;]<\/p>\n","protected":false},"author":1,"featured_media":0,"parent":0,"menu_order":0,"comment_status":"closed","ping_status":"closed","template":"","meta":{"_acf_changed":false,"footnotes":""},"class_list":["post-7026","page","type-page","status-publish","hentry"],"acf":{"choi\u0441e_menu_page":false,"full_width":false,"header_transparent":false,"header_white":false,"menu_type_page":"default","menu_align_page":"default"},"_links":{"self":[{"href":"https:\/\/eye-swing.com\/fr\/wp-json\/wp\/v2\/pages\/7026","targetHints":{"allow":["GET"]}}],"collection":[{"href":"https:\/\/eye-swing.com\/fr\/wp-json\/wp\/v2\/pages"}],"about":[{"href":"https:\/\/eye-swing.com\/fr\/wp-json\/wp\/v2\/types\/page"}],"author":[{"embeddable":true,"href":"https:\/\/eye-swing.com\/fr\/wp-json\/wp\/v2\/users\/1"}],"replies":[{"embeddable":true,"href":"https:\/\/eye-swing.com\/fr\/wp-json\/wp\/v2\/comments?post=7026"}],"version-history":[{"count":1,"href":"https:\/\/eye-swing.com\/fr\/wp-json\/wp\/v2\/pages\/7026\/revisions"}],"predecessor-version":[{"id":7028,"href":"https:\/\/eye-swing.com\/fr\/wp-json\/wp\/v2\/pages\/7026\/revisions\/7028"}],"wp:attachment":[{"href":"https:\/\/eye-swing.com\/fr\/wp-json\/wp\/v2\/media?parent=7026"}],"curies":[{"name":"wp","href":"https:\/\/api.w.org\/{rel}","templated":true}]}}